{"id":34209,"date":"2026-03-11T17:49:08","date_gmt":"2026-03-11T17:49:08","guid":{"rendered":"https:\/\/luanovacollection.com.br\/produto\/bolsa-necessaire-dafiks\/"},"modified":"2026-03-25T14:33:41","modified_gmt":"2026-03-25T14:33:41","slug":"bolsa-necessaire-dafiks","status":"publish","type":"product","link":"https:\/\/luanovacollection.com.br\/en\/product\/bolsa-necessaire-dafiks\/","title":{"rendered":"Bolsa + Necessaire DAFIKS"},"content":{"rendered":"<p> A Bolsa KS Mil\u00e3o foi criada para mulheres que valorizam eleg\u00e2ncia, organiza\u00e7\u00e3o e versatilidade no dia a dia. <br \/>\nSeu design sofisticado combina estrutura impec\u00e1vel com amplo espa\u00e7o interno, proporcionando praticidade com estilo. <br \/>\nCada detalhe foi cuidadosamente pensado para entregar um acabamento refinado. <br \/>\nTornando a Mil\u00e3o a escolha perfeita para quem deseja presen\u00e7a, funcionalidade e sofistica\u00e7\u00e3o em uma \u00fanica pe\u00e7a. <\/p>\n<p>Um modelo que une eleg\u00e2ncia, funcionalidade e versatilidade em cada detalhe. <\/p>","protected":false},"excerpt":{"rendered":"<p>A Bolsa KS Mil\u00e3o foi criada para mulheres que valorizam eleg\u00e2ncia, organiza\u00e7\u00e3o e versatilidade no dia a dia. Seu design [&hellip;]<\/p>\n","protected":false},"featured_media":34070,"comment_status":"open","ping_status":"closed","template":"","meta":{"nf_dc_page":"","site-sidebar-layout":"default","site-content-layout":"","ast-site-content-layout":"default","site-content-style":"default","site-sidebar-style":"default","ast-global-header-display":"","ast-banner-title-visibility":"","ast-main-header-display":"","ast-hfb-above-header-display":"","ast-hfb-below-header-display":"","ast-hfb-mobile-header-display":"","site-post-title":"","ast-breadcrumbs-content":"","ast-featured-img":"","footer-sml-layout":"","ast-disable-related-posts":"","theme-transparent-header-meta":"default","adv-header-id-meta":"","stick-header-meta":"","header-above-stick-meta":"","header-main-stick-meta":"","header-below-stick-meta":"","astra-migrate-meta-layouts":"set","ast-page-background-enabled":"default","ast-page-background-meta":{"desktop":{"background-color":"var(--ast-global-color-4)","background-image":"","background-repeat":"repeat","background-position":"center center","background-size":"auto","background-attachment":"scroll","background-type":"","background-media":"","overlay-type":"","overlay-color":"","overlay-opacity":"","overlay-gradient":""},"tablet":{"background-color":"","background-image":"","background-repeat":"repeat","background-position":"center center","background-size":"auto","background-attachment":"scroll","background-type":"","background-media":"","overlay-type":"","overlay-color":"","overlay-opacity":"","overlay-gradient":""},"mobile":{"background-color":"","background-image":"","background-repeat":"repeat","background-position":"center center","background-size":"auto","background-attachment":"scroll","background-type":"","background-media":"","overlay-type":"","overlay-color":"","overlay-opacity":"","overlay-gradient":""}},"ast-content-background-meta":{"desktop":{"background-color":"var(--ast-global-color-5)","background-image":"","background-repeat":"repeat","background-position":"center center","background-size":"auto","background-attachment":"scroll","background-type":"","background-media":"","overlay-type":"","overlay-color":"","overlay-opacity":"","overlay-gradient":""},"tablet":{"background-color":"var(--ast-global-color-5)","background-image":"","background-repeat":"repeat","background-position":"center center","background-size":"auto","background-attachment":"scroll","background-type":"","background-media":"","overlay-type":"","overlay-color":"","overlay-opacity":"","overlay-gradient":""},"mobile":{"background-color":"var(--ast-global-color-5)","background-image":"","background-repeat":"repeat","background-position":"center center","background-size":"auto","background-attachment":"scroll","background-type":"","background-media":"","overlay-type":"","overlay-color":"","overlay-opacity":"","overlay-gradient":""}}},"product_brand":[],"product_cat":[288,289,260],"product_tag":[261],"class_list":{"0":"post-34209","1":"product","2":"type-product","3":"status-publish","4":"has-post-thumbnail","6":"product_cat-bolsa","7":"product_cat-kit","8":"product_cat-necessaire","9":"product_tag-moda","10":"pa_cor-dupla-caramelo","11":"pa_cor-dupla-off-white","12":"pa_cor-dupla-preto","13":"pa_cor-dupla-verde","14":"desktop-align-center","15":"tablet-align-center","16":"mobile-align-center","18":"first","19":"instock","20":"shipping-taxable","21":"purchasable","22":"product-type-variable"},"_links":{"self":[{"href":"https:\/\/luanovacollection.com.br\/en\/wp-json\/wp\/v2\/product\/34209","targetHints":{"allow":["GET"]}}],"collection":[{"href":"https:\/\/luanovacollection.com.br\/en\/wp-json\/wp\/v2\/product"}],"about":[{"href":"https:\/\/luanovacollection.com.br\/en\/wp-json\/wp\/v2\/types\/product"}],"replies":[{"embeddable":true,"href":"https:\/\/luanovacollection.com.br\/en\/wp-json\/wp\/v2\/comments?post=34209"}],"wp:featuredmedia":[{"embeddable":true,"href":"https:\/\/luanovacollection.com.br\/en\/wp-json\/wp\/v2\/media\/34070"}],"wp:attachment":[{"href":"https:\/\/luanovacollection.com.br\/en\/wp-json\/wp\/v2\/media?parent=34209"}],"wp:term":[{"taxonomy":"product_brand","embeddable":true,"href":"https:\/\/luanovacollection.com.br\/en\/wp-json\/wp\/v2\/product_brand?post=34209"},{"taxonomy":"product_cat","embeddable":true,"href":"https:\/\/luanovacollection.com.br\/en\/wp-json\/wp\/v2\/product_cat?post=34209"},{"taxonomy":"product_tag","embeddable":true,"href":"https:\/\/luanovacollection.com.br\/en\/wp-json\/wp\/v2\/product_tag?post=34209"}],"curies":[{"name":"wp","href":"https:\/\/api.w.org\/{rel}","templated":true}]}}