{"id":34205,"date":"2026-03-11T17:48:47","date_gmt":"2026-03-11T17:48:47","guid":{"rendered":"https:\/\/luanovacollection.com.br\/produto\/bolsa-feminina-milao\/"},"modified":"2026-04-30T18:33:42","modified_gmt":"2026-04-30T18:33:42","slug":"bolsa-feminina-milao","status":"publish","type":"product","link":"https:\/\/luanovacollection.com.br\/en\/product\/bolsa-feminina-milao\/","title":{"rendered":"Bolsa Feminina Mil\u00e3o"},"content":{"rendered":"<p> A Bolsa Grande para Notebook + Carteira foi desenvolvida para mulheres que valorizam funcionalidade, eleg\u00e2ncia e versatilidade no dia a dia. <br \/>\nSeu grande diferencial est\u00e1 no design ajust\u00e1vel, permitindo o uso com as laterais abertas ou fechadas, oferecendo dois visuais distintos no mesmo produto. <\/p>\n<p>Com amplo espa\u00e7o interno, \u00e9 ideal para transportar notebook, cadernos e itens essenciais com seguran\u00e7a e praticidade. Um modelo que se adapta com facilidade ao trabalho, \u00e0 rotina di\u00e1ria e a diferentes ocasi\u00f5es. <\/p>\n<p>Um conjunto que traduz praticidade, eleg\u00e2ncia e cuidado em cada detalhe. <\/p>","protected":false},"excerpt":{"rendered":"<p>A Bolsa Grande para Notebook + Carteira foi desenvolvida para mulheres que valorizam funcionalidade, eleg\u00e2ncia e versatilidade no dia a [&hellip;]<\/p>\n","protected":false},"featured_media":34061,"comment_status":"open","ping_status":"closed","template":"","meta":{"nf_dc_page":"","site-sidebar-layout":"default","site-content-layout":"","ast-site-content-layout":"default","site-content-style":"default","site-sidebar-style":"default","ast-global-header-display":"","ast-banner-title-visibility":"","ast-main-header-display":"","ast-hfb-above-header-display":"","ast-hfb-below-header-display":"","ast-hfb-mobile-header-display":"","site-post-title":"","ast-breadcrumbs-content":"","ast-featured-img":"","footer-sml-layout":"","ast-disable-related-posts":"","theme-transparent-header-meta":"default","adv-header-id-meta":"","stick-header-meta":"","header-above-stick-meta":"","header-main-stick-meta":"","header-below-stick-meta":"","astra-migrate-meta-layouts":"set","ast-page-background-enabled":"default","ast-page-background-meta":{"desktop":{"background-color":"var(--ast-global-color-4)","background-image":"","background-repeat":"repeat","background-position":"center center","background-size":"auto","background-attachment":"scroll","background-type":"","background-media":"","overlay-type":"","overlay-color":"","overlay-opacity":"","overlay-gradient":""},"tablet":{"background-color":"","background-image":"","background-repeat":"repeat","background-position":"center center","background-size":"auto","background-attachment":"scroll","background-type":"","background-media":"","overlay-type":"","overlay-color":"","overlay-opacity":"","overlay-gradient":""},"mobile":{"background-color":"","background-image":"","background-repeat":"repeat","background-position":"center center","background-size":"auto","background-attachment":"scroll","background-type":"","background-media":"","overlay-type":"","overlay-color":"","overlay-opacity":"","overlay-gradient":""}},"ast-content-background-meta":{"desktop":{"background-color":"var(--ast-global-color-5)","background-image":"","background-repeat":"repeat","background-position":"center center","background-size":"auto","background-attachment":"scroll","background-type":"","background-media":"","overlay-type":"","overlay-color":"","overlay-opacity":"","overlay-gradient":""},"tablet":{"background-color":"var(--ast-global-color-5)","background-image":"","background-repeat":"repeat","background-position":"center center","background-size":"auto","background-attachment":"scroll","background-type":"","background-media":"","overlay-type":"","overlay-color":"","overlay-opacity":"","overlay-gradient":""},"mobile":{"background-color":"var(--ast-global-color-5)","background-image":"","background-repeat":"repeat","background-position":"center center","background-size":"auto","background-attachment":"scroll","background-type":"","background-media":"","overlay-type":"","overlay-color":"","overlay-opacity":"","overlay-gradient":""}}},"product_brand":[],"product_cat":[288,289],"product_tag":[261],"class_list":{"0":"post-34205","1":"product","2":"type-product","3":"status-publish","4":"has-post-thumbnail","6":"product_cat-bolsa","7":"product_cat-kit","8":"product_tag-moda","9":"pa_cor-dupla-preto","10":"pa_cor-dupla-preto-ks","11":"pa_cor-dupla-vinho","12":"desktop-align-center","13":"tablet-align-center","14":"mobile-align-center","16":"first","17":"instock","18":"shipping-taxable","19":"purchasable","20":"product-type-variable"},"_links":{"self":[{"href":"https:\/\/luanovacollection.com.br\/en\/wp-json\/wp\/v2\/product\/34205","targetHints":{"allow":["GET"]}}],"collection":[{"href":"https:\/\/luanovacollection.com.br\/en\/wp-json\/wp\/v2\/product"}],"about":[{"href":"https:\/\/luanovacollection.com.br\/en\/wp-json\/wp\/v2\/types\/product"}],"replies":[{"embeddable":true,"href":"https:\/\/luanovacollection.com.br\/en\/wp-json\/wp\/v2\/comments?post=34205"}],"wp:featuredmedia":[{"embeddable":true,"href":"https:\/\/luanovacollection.com.br\/en\/wp-json\/wp\/v2\/media\/34061"}],"wp:attachment":[{"href":"https:\/\/luanovacollection.com.br\/en\/wp-json\/wp\/v2\/media?parent=34205"}],"wp:term":[{"taxonomy":"product_brand","embeddable":true,"href":"https:\/\/luanovacollection.com.br\/en\/wp-json\/wp\/v2\/product_brand?post=34205"},{"taxonomy":"product_cat","embeddable":true,"href":"https:\/\/luanovacollection.com.br\/en\/wp-json\/wp\/v2\/product_cat?post=34205"},{"taxonomy":"product_tag","embeddable":true,"href":"https:\/\/luanovacollection.com.br\/en\/wp-json\/wp\/v2\/product_tag?post=34205"}],"curies":[{"name":"wp","href":"https:\/\/api.w.org\/{rel}","templated":true}]}}