{"id":34199,"date":"2026-03-11T17:48:19","date_gmt":"2026-03-11T17:48:19","guid":{"rendered":"https:\/\/luanovacollection.com.br\/produto\/bolsa-grande-para-notebook-carteira-kit-nocess\/"},"modified":"2026-04-30T18:27:15","modified_gmt":"2026-04-30T18:27:15","slug":"bolsa-grande-para-notebook-carteira-kit-nocess","status":"publish","type":"product","link":"https:\/\/luanovacollection.com.br\/en\/product\/bolsa-grande-para-notebook-carteira-kit-nocess\/","title":{"rendered":"Bolsa Grande para Notebook + Carteira &#8211; KIT NOCESS"},"content":{"rendered":"<p> O Kit Bolsa Hype + Carteira foi desenvolvido para mulheres que valorizam estilo, praticidade e eleg\u00e2ncia no dia a dia. <br \/>\n1- A Bolsa Hype combina design moderno e funcional, ideal para carregar os itens essenciais com seguran\u00e7a e versatilidade. <br \/>\n2- A Carteira complementa o conjunto com organiza\u00e7\u00e3o inteligente para cart\u00f5es, documentos e notas. <\/p>\n<p>Um kit sofisticado, que se adapta facilmente a diferentes ocasi\u00f5es, como festas, reuni\u00f5es e rotina di\u00e1ria. <br \/>\nUm conjunto que traduz praticidade, eleg\u00e2ncia e cuidado nos detalhes. <\/p>","protected":false},"excerpt":{"rendered":"<p>O Kit Bolsa Hype + Carteira foi desenvolvido para mulheres que valorizam estilo, praticidade e eleg\u00e2ncia no dia a dia. [&hellip;]<\/p>\n","protected":false},"featured_media":34053,"comment_status":"open","ping_status":"closed","template":"","meta":{"nf_dc_page":"","site-sidebar-layout":"default","site-content-layout":"","ast-site-content-layout":"default","site-content-style":"default","site-sidebar-style":"default","ast-global-header-display":"","ast-banner-title-visibility":"","ast-main-header-display":"","ast-hfb-above-header-display":"","ast-hfb-below-header-display":"","ast-hfb-mobile-header-display":"","site-post-title":"","ast-breadcrumbs-content":"","ast-featured-img":"","footer-sml-layout":"","ast-disable-related-posts":"","theme-transparent-header-meta":"default","adv-header-id-meta":"","stick-header-meta":"","header-above-stick-meta":"","header-main-stick-meta":"","header-below-stick-meta":"","astra-migrate-meta-layouts":"set","ast-page-background-enabled":"default","ast-page-background-meta":{"desktop":{"background-color":"var(--ast-global-color-4)","background-image":"","background-repeat":"repeat","background-position":"center center","background-size":"auto","background-attachment":"scroll","background-type":"","background-media":"","overlay-type":"","overlay-color":"","overlay-opacity":"","overlay-gradient":""},"tablet":{"background-color":"","background-image":"","background-repeat":"repeat","background-position":"center center","background-size":"auto","background-attachment":"scroll","background-type":"","background-media":"","overlay-type":"","overlay-color":"","overlay-opacity":"","overlay-gradient":""},"mobile":{"background-color":"","background-image":"","background-repeat":"repeat","background-position":"center center","background-size":"auto","background-attachment":"scroll","background-type":"","background-media":"","overlay-type":"","overlay-color":"","overlay-opacity":"","overlay-gradient":""}},"ast-content-background-meta":{"desktop":{"background-color":"var(--ast-global-color-5)","background-image":"","background-repeat":"repeat","background-position":"center center","background-size":"auto","background-attachment":"scroll","background-type":"","background-media":"","overlay-type":"","overlay-color":"","overlay-opacity":"","overlay-gradient":""},"tablet":{"background-color":"var(--ast-global-color-5)","background-image":"","background-repeat":"repeat","background-position":"center center","background-size":"auto","background-attachment":"scroll","background-type":"","background-media":"","overlay-type":"","overlay-color":"","overlay-opacity":"","overlay-gradient":""},"mobile":{"background-color":"var(--ast-global-color-5)","background-image":"","background-repeat":"repeat","background-position":"center center","background-size":"auto","background-attachment":"scroll","background-type":"","background-media":"","overlay-type":"","overlay-color":"","overlay-opacity":"","overlay-gradient":""}}},"product_brand":[],"product_cat":[288,289],"product_tag":[261],"class_list":{"0":"post-34199","1":"product","2":"type-product","3":"status-publish","4":"has-post-thumbnail","6":"product_cat-bolsa","7":"product_cat-kit","8":"product_tag-moda","9":"pa_cor-dupla-cafe-ks","10":"pa_cor-dupla-caramelo","11":"pa_cor-dupla-preto","12":"pa_cor-dupla-preto-ks","13":"pa_cor-dupla-vinho","14":"desktop-align-center","15":"tablet-align-center","16":"mobile-align-center","18":"first","19":"instock","20":"shipping-taxable","21":"purchasable","22":"product-type-variable"},"_links":{"self":[{"href":"https:\/\/luanovacollection.com.br\/en\/wp-json\/wp\/v2\/product\/34199","targetHints":{"allow":["GET"]}}],"collection":[{"href":"https:\/\/luanovacollection.com.br\/en\/wp-json\/wp\/v2\/product"}],"about":[{"href":"https:\/\/luanovacollection.com.br\/en\/wp-json\/wp\/v2\/types\/product"}],"replies":[{"embeddable":true,"href":"https:\/\/luanovacollection.com.br\/en\/wp-json\/wp\/v2\/comments?post=34199"}],"wp:featuredmedia":[{"embeddable":true,"href":"https:\/\/luanovacollection.com.br\/en\/wp-json\/wp\/v2\/media\/34053"}],"wp:attachment":[{"href":"https:\/\/luanovacollection.com.br\/en\/wp-json\/wp\/v2\/media?parent=34199"}],"wp:term":[{"taxonomy":"product_brand","embeddable":true,"href":"https:\/\/luanovacollection.com.br\/en\/wp-json\/wp\/v2\/product_brand?post=34199"},{"taxonomy":"product_cat","embeddable":true,"href":"https:\/\/luanovacollection.com.br\/en\/wp-json\/wp\/v2\/product_cat?post=34199"},{"taxonomy":"product_tag","embeddable":true,"href":"https:\/\/luanovacollection.com.br\/en\/wp-json\/wp\/v2\/product_tag?post=34199"}],"curies":[{"name":"wp","href":"https:\/\/api.w.org\/{rel}","templated":true}]}}