{"id":34195,"date":"2026-03-11T17:47:55","date_gmt":"2026-03-11T17:47:55","guid":{"rendered":"https:\/\/luanovacollection.com.br\/produto\/kit-bolsa-hype-carteira\/"},"modified":"2026-03-25T14:33:07","modified_gmt":"2026-03-25T14:33:07","slug":"kit-bolsa-hype-carteira","status":"publish","type":"product","link":"https:\/\/luanovacollection.com.br\/en\/product\/kit-bolsa-hype-carteira\/","title":{"rendered":"Kit Bolsa Hype + Carteira"},"content":{"rendered":"<p> O Kit Duo Saco foi desenvolvido para quem busca eleg\u00e2ncia, praticidade e um design moderno no dia a dia. <br \/>\nComposto por uma bolsa saco m\u00e9dia, charmosa e funcional, e um porta documentos sofisticado. <br \/>\nO kit oferece versatilidade e organiza\u00e7\u00e3o para diferentes ocasi\u00f5es. <\/p>\n<p>1- A bolsa saco possui excelente espa\u00e7o interno e acabamento refor\u00e7ado, ideal para acompanhar todo tipo de evento. <br \/>\n2- O porta documentos complementa o conjunto, mantendo itens essenciais sempre organizados e protegidos. <\/p>\n<p>Um conjunto que traduz sofistica\u00e7\u00e3o, funcionalidade e cuidado em cada detalhe. <\/p>","protected":false},"excerpt":{"rendered":"<p>O Kit Duo Saco foi desenvolvido para quem busca eleg\u00e2ncia, praticidade e um design moderno no dia a dia. Composto [&hellip;]<\/p>\n","protected":false},"featured_media":34043,"comment_status":"open","ping_status":"closed","template":"","meta":{"nf_dc_page":"","site-sidebar-layout":"default","site-content-layout":"","ast-site-content-layout":"default","site-content-style":"default","site-sidebar-style":"default","ast-global-header-display":"","ast-banner-title-visibility":"","ast-main-header-display":"","ast-hfb-above-header-display":"","ast-hfb-below-header-display":"","ast-hfb-mobile-header-display":"","site-post-title":"","ast-breadcrumbs-content":"","ast-featured-img":"","footer-sml-layout":"","ast-disable-related-posts":"","theme-transparent-header-meta":"default","adv-header-id-meta":"","stick-header-meta":"","header-above-stick-meta":"","header-main-stick-meta":"","header-below-stick-meta":"","astra-migrate-meta-layouts":"set","ast-page-background-enabled":"default","ast-page-background-meta":{"desktop":{"background-color":"var(--ast-global-color-4)","background-image":"","background-repeat":"repeat","background-position":"center center","background-size":"auto","background-attachment":"scroll","background-type":"","background-media":"","overlay-type":"","overlay-color":"","overlay-opacity":"","overlay-gradient":""},"tablet":{"background-color":"","background-image":"","background-repeat":"repeat","background-position":"center center","background-size":"auto","background-attachment":"scroll","background-type":"","background-media":"","overlay-type":"","overlay-color":"","overlay-opacity":"","overlay-gradient":""},"mobile":{"background-color":"","background-image":"","background-repeat":"repeat","background-position":"center center","background-size":"auto","background-attachment":"scroll","background-type":"","background-media":"","overlay-type":"","overlay-color":"","overlay-opacity":"","overlay-gradient":""}},"ast-content-background-meta":{"desktop":{"background-color":"var(--ast-global-color-5)","background-image":"","background-repeat":"repeat","background-position":"center center","background-size":"auto","background-attachment":"scroll","background-type":"","background-media":"","overlay-type":"","overlay-color":"","overlay-opacity":"","overlay-gradient":""},"tablet":{"background-color":"var(--ast-global-color-5)","background-image":"","background-repeat":"repeat","background-position":"center center","background-size":"auto","background-attachment":"scroll","background-type":"","background-media":"","overlay-type":"","overlay-color":"","overlay-opacity":"","overlay-gradient":""},"mobile":{"background-color":"var(--ast-global-color-5)","background-image":"","background-repeat":"repeat","background-position":"center center","background-size":"auto","background-attachment":"scroll","background-type":"","background-media":"","overlay-type":"","overlay-color":"","overlay-opacity":"","overlay-gradient":""}}},"product_brand":[],"product_cat":[288,289],"product_tag":[261],"class_list":{"0":"post-34195","1":"product","2":"type-product","3":"status-publish","4":"has-post-thumbnail","6":"product_cat-bolsa","7":"product_cat-kit","8":"product_tag-moda","9":"pa_cor-dupla-caramelo-com-off-white","10":"pa_cor-dupla-preto","11":"pa_cor-dupla-preto-com-off-white","12":"desktop-align-center","13":"tablet-align-center","14":"mobile-align-center","16":"first","17":"instock","18":"shipping-taxable","19":"purchasable","20":"product-type-variable"},"_links":{"self":[{"href":"https:\/\/luanovacollection.com.br\/en\/wp-json\/wp\/v2\/product\/34195","targetHints":{"allow":["GET"]}}],"collection":[{"href":"https:\/\/luanovacollection.com.br\/en\/wp-json\/wp\/v2\/product"}],"about":[{"href":"https:\/\/luanovacollection.com.br\/en\/wp-json\/wp\/v2\/types\/product"}],"replies":[{"embeddable":true,"href":"https:\/\/luanovacollection.com.br\/en\/wp-json\/wp\/v2\/comments?post=34195"}],"wp:featuredmedia":[{"embeddable":true,"href":"https:\/\/luanovacollection.com.br\/en\/wp-json\/wp\/v2\/media\/34043"}],"wp:attachment":[{"href":"https:\/\/luanovacollection.com.br\/en\/wp-json\/wp\/v2\/media?parent=34195"}],"wp:term":[{"taxonomy":"product_brand","embeddable":true,"href":"https:\/\/luanovacollection.com.br\/en\/wp-json\/wp\/v2\/product_brand?post=34195"},{"taxonomy":"product_cat","embeddable":true,"href":"https:\/\/luanovacollection.com.br\/en\/wp-json\/wp\/v2\/product_cat?post=34195"},{"taxonomy":"product_tag","embeddable":true,"href":"https:\/\/luanovacollection.com.br\/en\/wp-json\/wp\/v2\/product_tag?post=34195"}],"curies":[{"name":"wp","href":"https:\/\/api.w.org\/{rel}","templated":true}]}}