{"id":34187,"date":"2026-03-11T17:47:16","date_gmt":"2026-03-11T17:47:16","guid":{"rendered":"https:\/\/luanovacollection.com.br\/produto\/kit-london-kit-4-em-1-bolsa-grande-bolsa-saco-mochila-e-porta-documentos\/"},"modified":"2026-04-30T18:56:52","modified_gmt":"2026-04-30T18:56:52","slug":"kit-london-kit-4-em-1-bolsa-grande-bolsa-saco-mochila-e-porta-documentos","status":"publish","type":"product","link":"https:\/\/luanovacollection.com.br\/en\/product\/kit-london-kit-4-em-1-bolsa-grande-bolsa-saco-mochila-e-porta-documentos\/","title":{"rendered":"Kit London &#8211; Kit 4 em 1: Bolsa Grande, Bolsa Saco, Mochila e Porta Documentos"},"content":{"rendered":"<p> O Kit 4 em 1 foi desenvolvido para mulheres que valorizam versatilidade, organiza\u00e7\u00e3o e eleg\u00e2ncia no dia a dia. <br \/>\nComposto por quatro pe\u00e7as funcionais e atemporais sendo elas: Bolsa Grande, Bolsa Saco, Mochila e Porta Documentos. <br \/>\nEle atende diferentes necessidades e ocasi\u00f5es. <\/p>\n<p>1- A Bolsa Grande oferece amplo espa\u00e7o interno, ideal para transportar cadernos, notebook e itens essenciais com conforto. <br \/>\n2- A Bolsa Saco \u00e9 pr\u00e1tica e leve, perfeita para uso di\u00e1rio, trabalho, passeios ou eventos. <br \/>\n3- A Mochila une praticidade e conforto, ideal para quem busca liberdade de movimento sem abrir m\u00e3o do estilo. <br \/>\n4- O Porta Documentos complementa o kit com organiza\u00e7\u00e3o e facilidade para transportar documentos e itens importantes. <\/p>\n<p>Um conjunto completo que traduz funcionalidade, eleg\u00e2ncia e cuidado em cada pe\u00e7a. <\/p>","protected":false},"excerpt":{"rendered":"<p>O Kit 4 em 1 foi desenvolvido para mulheres que valorizam versatilidade, organiza\u00e7\u00e3o e eleg\u00e2ncia no dia a dia. Composto [&hellip;]<\/p>\n","protected":false},"featured_media":34026,"comment_status":"open","ping_status":"closed","template":"","meta":{"nf_dc_page":"","site-sidebar-layout":"default","site-content-layout":"","ast-site-content-layout":"default","site-content-style":"default","site-sidebar-style":"default","ast-global-header-display":"","ast-banner-title-visibility":"","ast-main-header-display":"","ast-hfb-above-header-display":"","ast-hfb-below-header-display":"","ast-hfb-mobile-header-display":"","site-post-title":"","ast-breadcrumbs-content":"","ast-featured-img":"","footer-sml-layout":"","ast-disable-related-posts":"","theme-transparent-header-meta":"default","adv-header-id-meta":"","stick-header-meta":"","header-above-stick-meta":"","header-main-stick-meta":"","header-below-stick-meta":"","astra-migrate-meta-layouts":"set","ast-page-background-enabled":"default","ast-page-background-meta":{"desktop":{"background-color":"var(--ast-global-color-4)","background-image":"","background-repeat":"repeat","background-position":"center center","background-size":"auto","background-attachment":"scroll","background-type":"","background-media":"","overlay-type":"","overlay-color":"","overlay-opacity":"","overlay-gradient":""},"tablet":{"background-color":"","background-image":"","background-repeat":"repeat","background-position":"center center","background-size":"auto","background-attachment":"scroll","background-type":"","background-media":"","overlay-type":"","overlay-color":"","overlay-opacity":"","overlay-gradient":""},"mobile":{"background-color":"","background-image":"","background-repeat":"repeat","background-position":"center center","background-size":"auto","background-attachment":"scroll","background-type":"","background-media":"","overlay-type":"","overlay-color":"","overlay-opacity":"","overlay-gradient":""}},"ast-content-background-meta":{"desktop":{"background-color":"var(--ast-global-color-5)","background-image":"","background-repeat":"repeat","background-position":"center center","background-size":"auto","background-attachment":"scroll","background-type":"","background-media":"","overlay-type":"","overlay-color":"","overlay-opacity":"","overlay-gradient":""},"tablet":{"background-color":"var(--ast-global-color-5)","background-image":"","background-repeat":"repeat","background-position":"center center","background-size":"auto","background-attachment":"scroll","background-type":"","background-media":"","overlay-type":"","overlay-color":"","overlay-opacity":"","overlay-gradient":""},"mobile":{"background-color":"var(--ast-global-color-5)","background-image":"","background-repeat":"repeat","background-position":"center center","background-size":"auto","background-attachment":"scroll","background-type":"","background-media":"","overlay-type":"","overlay-color":"","overlay-opacity":"","overlay-gradient":""}}},"product_brand":[],"product_cat":[288,289],"product_tag":[261],"class_list":{"0":"post-34187","1":"product","2":"type-product","3":"status-publish","4":"has-post-thumbnail","6":"product_cat-bolsa","7":"product_cat-kit","8":"product_tag-moda","9":"pa_cor-dupla-caramelo","10":"pa_cor-dupla-off-white","11":"pa_cor-dupla-preto","12":"pa_cor-dupla-vinho","13":"desktop-align-center","14":"tablet-align-center","15":"mobile-align-center","17":"first","18":"instock","19":"shipping-taxable","20":"purchasable","21":"product-type-variable"},"_links":{"self":[{"href":"https:\/\/luanovacollection.com.br\/en\/wp-json\/wp\/v2\/product\/34187","targetHints":{"allow":["GET"]}}],"collection":[{"href":"https:\/\/luanovacollection.com.br\/en\/wp-json\/wp\/v2\/product"}],"about":[{"href":"https:\/\/luanovacollection.com.br\/en\/wp-json\/wp\/v2\/types\/product"}],"replies":[{"embeddable":true,"href":"https:\/\/luanovacollection.com.br\/en\/wp-json\/wp\/v2\/comments?post=34187"}],"wp:featuredmedia":[{"embeddable":true,"href":"https:\/\/luanovacollection.com.br\/en\/wp-json\/wp\/v2\/media\/34026"}],"wp:attachment":[{"href":"https:\/\/luanovacollection.com.br\/en\/wp-json\/wp\/v2\/media?parent=34187"}],"wp:term":[{"taxonomy":"product_brand","embeddable":true,"href":"https:\/\/luanovacollection.com.br\/en\/wp-json\/wp\/v2\/product_brand?post=34187"},{"taxonomy":"product_cat","embeddable":true,"href":"https:\/\/luanovacollection.com.br\/en\/wp-json\/wp\/v2\/product_cat?post=34187"},{"taxonomy":"product_tag","embeddable":true,"href":"https:\/\/luanovacollection.com.br\/en\/wp-json\/wp\/v2\/product_tag?post=34187"}],"curies":[{"name":"wp","href":"https:\/\/api.w.org\/{rel}","templated":true}]}}