{"id":34148,"date":"2026-03-11T17:44:14","date_gmt":"2026-03-11T17:44:14","guid":{"rendered":"https:\/\/luanovacollection.com.br\/produto\/kit-feminino-sacola-bolsa-tampa-s\/"},"modified":"2026-03-25T14:31:32","modified_gmt":"2026-03-25T14:31:32","slug":"kit-feminino-sacola-bolsa-tampa-s","status":"publish","type":"product","link":"https:\/\/luanovacollection.com.br\/en\/product\/kit-feminino-sacola-bolsa-tampa-s\/","title":{"rendered":"Kit Feminino Sacola + Bolsa Tampa S"},"content":{"rendered":"<p> O Kit Sacola + Tampa S \u00e9 ideal para quem busca eleg\u00e2ncia, praticidade e versatilidade no dia a dia. <br \/>\nComposto por duas bolsas modernas e funcionais, acompanha voc\u00ea no trabalho, passeios, viagens e ocasi\u00f5es especiais. <\/p>\n<p>A Bolsa Sacola \u00e9 espa\u00e7osa e funcional, ideal para carregar notebook, cadernos,e itens maiores com conforto. <br \/>\nJ\u00e1 a Bolsa Tampa S \u00e9 moderna, leve e charmosa, perfeita para festas, passeios ou uso di\u00e1rio. <\/p>","protected":false},"excerpt":{"rendered":"<p>O Kit Sacola + Tampa S \u00e9 ideal para quem busca eleg\u00e2ncia, praticidade e versatilidade no dia a dia. Composto [&hellip;]<\/p>\n","protected":false},"featured_media":33928,"comment_status":"open","ping_status":"closed","template":"","meta":{"nf_dc_page":"","site-sidebar-layout":"default","site-content-layout":"","ast-site-content-layout":"default","site-content-style":"default","site-sidebar-style":"default","ast-global-header-display":"","ast-banner-title-visibility":"","ast-main-header-display":"","ast-hfb-above-header-display":"","ast-hfb-below-header-display":"","ast-hfb-mobile-header-display":"","site-post-title":"","ast-breadcrumbs-content":"","ast-featured-img":"","footer-sml-layout":"","ast-disable-related-posts":"","theme-transparent-header-meta":"default","adv-header-id-meta":"","stick-header-meta":"","header-above-stick-meta":"","header-main-stick-meta":"","header-below-stick-meta":"","astra-migrate-meta-layouts":"set","ast-page-background-enabled":"default","ast-page-background-meta":{"desktop":{"background-color":"var(--ast-global-color-4)","background-image":"","background-repeat":"repeat","background-position":"center center","background-size":"auto","background-attachment":"scroll","background-type":"","background-media":"","overlay-type":"","overlay-color":"","overlay-opacity":"","overlay-gradient":""},"tablet":{"background-color":"","background-image":"","background-repeat":"repeat","background-position":"center center","background-size":"auto","background-attachment":"scroll","background-type":"","background-media":"","overlay-type":"","overlay-color":"","overlay-opacity":"","overlay-gradient":""},"mobile":{"background-color":"","background-image":"","background-repeat":"repeat","background-position":"center center","background-size":"auto","background-attachment":"scroll","background-type":"","background-media":"","overlay-type":"","overlay-color":"","overlay-opacity":"","overlay-gradient":""}},"ast-content-background-meta":{"desktop":{"background-color":"var(--ast-global-color-5)","background-image":"","background-repeat":"repeat","background-position":"center center","background-size":"auto","background-attachment":"scroll","background-type":"","background-media":"","overlay-type":"","overlay-color":"","overlay-opacity":"","overlay-gradient":""},"tablet":{"background-color":"var(--ast-global-color-5)","background-image":"","background-repeat":"repeat","background-position":"center center","background-size":"auto","background-attachment":"scroll","background-type":"","background-media":"","overlay-type":"","overlay-color":"","overlay-opacity":"","overlay-gradient":""},"mobile":{"background-color":"var(--ast-global-color-5)","background-image":"","background-repeat":"repeat","background-position":"center center","background-size":"auto","background-attachment":"scroll","background-type":"","background-media":"","overlay-type":"","overlay-color":"","overlay-opacity":"","overlay-gradient":""}}},"product_brand":[],"product_cat":[288,289],"product_tag":[261],"class_list":{"0":"post-34148","1":"product","2":"type-product","3":"status-publish","4":"has-post-thumbnail","6":"product_cat-bolsa","7":"product_cat-kit","8":"product_tag-moda","9":"pa_cor-dupla-caramelo","10":"pa_cor-dupla-preto","11":"pa_cor-dupla-vinho","12":"desktop-align-center","13":"tablet-align-center","14":"mobile-align-center","16":"first","17":"instock","18":"shipping-taxable","19":"purchasable","20":"product-type-variable"},"_links":{"self":[{"href":"https:\/\/luanovacollection.com.br\/en\/wp-json\/wp\/v2\/product\/34148","targetHints":{"allow":["GET"]}}],"collection":[{"href":"https:\/\/luanovacollection.com.br\/en\/wp-json\/wp\/v2\/product"}],"about":[{"href":"https:\/\/luanovacollection.com.br\/en\/wp-json\/wp\/v2\/types\/product"}],"replies":[{"embeddable":true,"href":"https:\/\/luanovacollection.com.br\/en\/wp-json\/wp\/v2\/comments?post=34148"}],"wp:featuredmedia":[{"embeddable":true,"href":"https:\/\/luanovacollection.com.br\/en\/wp-json\/wp\/v2\/media\/33928"}],"wp:attachment":[{"href":"https:\/\/luanovacollection.com.br\/en\/wp-json\/wp\/v2\/media?parent=34148"}],"wp:term":[{"taxonomy":"product_brand","embeddable":true,"href":"https:\/\/luanovacollection.com.br\/en\/wp-json\/wp\/v2\/product_brand?post=34148"},{"taxonomy":"product_cat","embeddable":true,"href":"https:\/\/luanovacollection.com.br\/en\/wp-json\/wp\/v2\/product_cat?post=34148"},{"taxonomy":"product_tag","embeddable":true,"href":"https:\/\/luanovacollection.com.br\/en\/wp-json\/wp\/v2\/product_tag?post=34148"}],"curies":[{"name":"wp","href":"https:\/\/api.w.org\/{rel}","templated":true}]}}