{"id":15,"date":"2025-10-27T23:28:43","date_gmt":"2025-10-27T23:28:43","guid":{"rendered":"https:\/\/luanovacollection.com.br\/about-us\/"},"modified":"2025-11-06T18:28:33","modified_gmt":"2025-11-06T18:28:33","slug":"about-us","status":"publish","type":"page","link":"https:\/\/luanovacollection.com.br\/en\/about-us\/","title":{"rendered":"About Us"},"content":{"rendered":"<div data-elementor-type=\"wp-page\" data-elementor-id=\"15\" class=\"elementor elementor-15\" data-elementor-post-type=\"page\">\n\t\t\t\t<div class=\"elementor-element elementor-element-576916f e-flex e-con-boxed e-con e-parent\" data-id=\"576916f\" data-element_type=\"container\" data-e-type=\"container\" data-settings=\"{&quot;background_background&quot;:&quot;classic&quot;}\">\n\t\t\t\t\t<div class=\"e-con-inner\">\n\t\t<div class=\"elementor-element elementor-element-9dbd73e e-con-full e-flex e-con e-child\" data-id=\"9dbd73e\" data-element_type=\"container\" data-e-type=\"container\">\n\t\t\t\t<div class=\"elementor-element elementor-element-b4ad8cf elementor-widget elementor-widget-heading\" data-id=\"b4ad8cf\" data-element_type=\"widget\" data-e-type=\"widget\" data-widget_type=\"heading.default\">\n\t\t\t\t<div class=\"elementor-widget-container\">\n\t\t\t\t\t<h1 class=\"elementor-heading-title elementor-size-default\">Quem Somos<\/h1>\t\t\t\t<\/div>\n\t\t\t\t<\/div>\n\t\t\t\t<\/div>\n\t\t\t\t\t<\/div>\n\t\t\t\t<\/div>\n\t\t<div class=\"elementor-element elementor-element-5898f86 e-flex e-con-boxed e-con e-parent\" data-id=\"5898f86\" data-element_type=\"container\" data-e-type=\"container\">\n\t\t\t\t\t<div class=\"e-con-inner\">\n\t\t<div class=\"elementor-element elementor-element-a471c7a e-con-full e-flex e-con e-child\" data-id=\"a471c7a\" data-element_type=\"container\" data-e-type=\"container\">\n\t\t\t\t<div class=\"elementor-element elementor-element-602b490 elementor-widget elementor-widget-heading\" data-id=\"602b490\" data-element_type=\"widget\" data-e-type=\"widget\" data-widget_type=\"heading.default\">\n\t\t\t\t<div class=\"elementor-widget-container\">\n\t\t\t\t\t<h2 class=\"elementor-heading-title elementor-size-default\">O Nascimento da Lua Nova Collection<\/h2>\t\t\t\t<\/div>\n\t\t\t\t<\/div>\n\t\t\t\t<\/div>\n\t\t<div class=\"elementor-element elementor-element-3f51f8d e-con-full e-flex e-con e-child\" data-id=\"3f51f8d\" data-element_type=\"container\" data-e-type=\"container\">\n\t\t\t\t<div class=\"elementor-element elementor-element-310a9d8 elementor-widget elementor-widget-heading\" data-id=\"310a9d8\" data-element_type=\"widget\" data-e-type=\"widget\" data-widget_type=\"heading.default\">\n\t\t\t\t<div class=\"elementor-widget-container\">\n\t\t\t\t\t<h6 class=\"elementor-heading-title elementor-size-default\">Nossa hist\u00f3ria<\/h6>\t\t\t\t<\/div>\n\t\t\t\t<\/div>\n\t\t\t\t<div class=\"elementor-element elementor-element-44bc7b6 elementor-widget elementor-widget-hfe-infocard\" data-id=\"44bc7b6\" data-element_type=\"widget\" data-e-type=\"widget\" data-widget_type=\"hfe-infocard.default\">\n\t\t\t\t<div class=\"elementor-widget-container\">\n\t\t\t\t\t\n\t\t<div class=\"hfe-infocard\">\n\t\t\t\t\t\t\t\t\t<div class=\"hfe-infocard-title-wrap\">\n\t\t\t\t<h5 class=\"hfe-infocard-title elementor-inline-editing\" data-elementor-setting-key=\"infocard_title\" data-elementor-inline-editing-toolbar=\"basic\" >Nossa jornada come\u00e7ou com uma vis\u00e3o simples, por\u00e9m poderosa: redefinir a maneira como as mulheres vivenciam a moda.<\/h5>\t\t\t<\/div>\n\t\t\t\t\t\t<div class=\"hfe-infocard-text-wrap\">\n\t\t\t\t<div class=\"hfe-infocard-text elementor-inline-editing\" data-elementor-setting-key=\"infocard_description\" data-elementor-inline-editing-toolbar=\"advanced\">\n\t\t\t\t\tMovidos pela paix\u00e3o por estilo e pelo compromisso com a individualidade, embarcamos na miss\u00e3o de criar uma cole\u00e7\u00e3o que refletisse os diversos gostos e personalidades de nossos estimados clientes. Desde nosso humilde come\u00e7o at\u00e9 o vibrante espa\u00e7o online que ocupamos hoje, cada conquista representa um cap\u00edtulo da nossa hist\u00f3ria. Junte-se a n\u00f3s nesta aventura fashion, onde cada pe\u00e7a conta uma hist\u00f3ria de inspira\u00e7\u00e3o, dedica\u00e7\u00e3o e eleg\u00e2ncia.\t\t\t\t<\/div>\n\t\t\t\t\t\t\t<\/div>\n\t\t<\/div>\n\n\t\t\t\t\t\t<\/div>\n\t\t\t\t<\/div>\n\t\t\t\t<\/div>\n\t\t<div class=\"elementor-element elementor-element-e92d08f e-con-full e-flex e-con e-child\" data-id=\"e92d08f\" data-element_type=\"container\" data-e-type=\"container\">\n\t\t\t\t<div class=\"elementor-element elementor-element-db4cc49 elementor-widget elementor-widget-heading\" data-id=\"db4cc49\" data-element_type=\"widget\" data-e-type=\"widget\" data-widget_type=\"heading.default\">\n\t\t\t\t<div class=\"elementor-widget-container\">\n\t\t\t\t\t<h6 class=\"elementor-heading-title elementor-size-default\">Garantia de Qualidade<\/h6>\t\t\t\t<\/div>\n\t\t\t\t<\/div>\n\t\t\t\t<div class=\"elementor-element elementor-element-fcc7a1f elementor-widget elementor-widget-image-box\" data-id=\"fcc7a1f\" data-element_type=\"widget\" data-e-type=\"widget\" data-widget_type=\"image-box.default\">\n\t\t\t\t<div class=\"elementor-widget-container\">\n\t\t\t\t\t<div class=\"elementor-image-box-wrapper\"><div class=\"elementor-image-box-content\"><h2 class=\"elementor-image-box-title\">Entendemos que a moda \u00e9 uma express\u00e3o de identidade e nos orgulhamos de oferecer produtos que incorporam os mais altos padr\u00f5es de qualidade.<\/h2><p class=\"elementor-image-box-description\">Nossa jornada rumo \u00e0 excel\u00eancia come\u00e7a com uma sele\u00e7\u00e3o meticulosa, onde escolhemos cuidadosamente materiais que atendam aos nossos rigorosos crit\u00e9rios de durabilidade, conforto e estilo. Cada pe\u00e7a \u00e9 confeccionada com precis\u00e3o em instala\u00e7\u00f5es de produ\u00e7\u00e3o de \u00faltima gera\u00e7\u00e3o de nossas empresas parceiras, garantindo aten\u00e7\u00e3o aos detalhes em cada ponto. Nosso compromisso com a qualidade n\u00e3o termina a\u00ed \u2013 processos rigorosos de controle de qualidade garantem que cada pe\u00e7a atenda aos nossos padr\u00f5es exigentes antes de chegar at\u00e9 voc\u00ea. Confie na Lua Nova Collection para uma moda que n\u00e3o s\u00f3 chama a aten\u00e7\u00e3o, como tamb\u00e9m resiste ao teste do tempo.<\/p><\/div><\/div>\t\t\t\t<\/div>\n\t\t\t\t<\/div>\n\t\t\t\t<\/div>\n\t\t\t\t\t<\/div>\n\t\t\t\t<\/div>\n\t\t<div class=\"elementor-element elementor-element-bdafa3c e-flex e-con-boxed e-con e-parent\" data-id=\"bdafa3c\" data-element_type=\"container\" data-e-type=\"container\" data-settings=\"{&quot;background_background&quot;:&quot;classic&quot;}\">\n\t\t\t\t\t<div class=\"e-con-inner\">\n\t\t<div class=\"elementor-element elementor-element-f643276 e-con-full e-flex e-con e-child\" data-id=\"f643276\" data-element_type=\"container\" data-e-type=\"container\">\n\t\t\t\t<div class=\"elementor-element elementor-element-3f174b6 elementor-widget elementor-widget-heading\" data-id=\"3f174b6\" data-element_type=\"widget\" data-e-type=\"widget\" data-widget_type=\"heading.default\">\n\t\t\t\t<div class=\"elementor-widget-container\">\n\t\t\t\t\t<h6 class=\"elementor-heading-title elementor-size-default\">Foco no cliente<\/h6>\t\t\t\t<\/div>\n\t\t\t\t<\/div>\n\t\t\t\t<div class=\"elementor-element elementor-element-1cf2f8a elementor-widget elementor-widget-image-box\" data-id=\"1cf2f8a\" data-element_type=\"widget\" data-e-type=\"widget\" data-widget_type=\"image-box.default\">\n\t\t\t\t<div class=\"elementor-widget-container\">\n\t\t\t\t\t<div class=\"elementor-image-box-wrapper\"><div class=\"elementor-image-box-content\"><h2 class=\"elementor-image-box-title\">Al\u00e9m da Moda: Cultivando uma Experi\u00eancia Focada no Cliente<\/h2><p class=\"elementor-image-box-description\">Acreditamos que a ess\u00eancia do nosso sucesso reside na satisfa\u00e7\u00e3o dos nossos clientes. Nosso compromisso em proporcionar uma experi\u00eancia de compra excepcional vai al\u00e9m de tend\u00eancias e estilos \u2013 trata-se de compreender e atender \u00e0s necessidades \u00fanicas de cada pessoa que escolhe a Lua Nova Collection. De recomenda\u00e7\u00f5es personalizadas a devolu\u00e7\u00f5es sem complica\u00e7\u00f5es, criamos cada aspecto do nosso servi\u00e7o pensando em voc\u00ea. Nossa dedicada equipe de suporte ao cliente est\u00e1 aqui para garantir que sua jornada conosco seja tranquila, agrad\u00e1vel e supere suas expectativas. Junte-se \u00e0 nossa comunidade de entusiastas da moda, onde sua satisfa\u00e7\u00e3o n\u00e3o \u00e9 apenas uma prioridade; \u00e9 a nossa paix\u00e3o.<\/p><\/div><\/div>\t\t\t\t<\/div>\n\t\t\t\t<\/div>\n\t\t\t\t<\/div>\n\t\t\t\t\t<\/div>\n\t\t\t\t<\/div>\n\t\t<div class=\"elementor-element elementor-element-0630b1e e-flex e-con-boxed e-con e-parent\" data-id=\"0630b1e\" data-element_type=\"container\" data-e-type=\"container\">\n\t\t\t\t\t<div class=\"e-con-inner\">\n\t\t<div class=\"elementor-element elementor-element-8f65fb9 e-con-full e-flex e-con e-child\" data-id=\"8f65fb9\" data-element_type=\"container\" data-e-type=\"container\">\n\t\t\t\t<div class=\"elementor-element elementor-element-1c16a3a elementor-widget elementor-widget-heading\" data-id=\"1c16a3a\" data-element_type=\"widget\" data-e-type=\"widget\" data-widget_type=\"heading.default\">\n\t\t\t\t<div class=\"elementor-widget-container\">\n\t\t\t\t\t<h6 class=\"elementor-heading-title elementor-size-default\">Iniciativas de Sustentabilidade<\/h6>\t\t\t\t<\/div>\n\t\t\t\t<\/div>\n\t\t\t\t<div class=\"elementor-element elementor-element-005576a elementor-widget elementor-widget-heading\" data-id=\"005576a\" data-element_type=\"widget\" data-e-type=\"widget\" data-widget_type=\"heading.default\">\n\t\t\t\t<div class=\"elementor-widget-container\">\n\t\t\t\t\t<h2 class=\"elementor-heading-title elementor-size-default\">Moda Consciente para um Amanh\u00e3 Melhor<br><\/h2>\t\t\t\t<\/div>\n\t\t\t\t<\/div>\n\t\t\t\t<\/div>\n\t\t<div class=\"elementor-element elementor-element-85f2501 e-con-full e-flex e-con e-child\" data-id=\"85f2501\" data-element_type=\"container\" data-e-type=\"container\">\n\t\t\t\t<div class=\"elementor-element elementor-element-d9bb7eb elementor-widget elementor-widget-heading\" data-id=\"d9bb7eb\" data-element_type=\"widget\" data-e-type=\"widget\" data-widget_type=\"heading.default\">\n\t\t\t\t<div class=\"elementor-widget-container\">\n\t\t\t\t\t<h5 class=\"elementor-heading-title elementor-size-default\">Reconhecemos a responsabilidade que temos em moldar um futuro mais sustent\u00e1vel para a moda. Nosso compromisso com pr\u00e1ticas ecologicamente corretas e escolhas de moda sustent\u00e1veis \u200b\u200best\u00e1 no cerne de tudo o que fazemos.<\/h5>\t\t\t\t<\/div>\n\t\t\t\t<\/div>\n\t\t\t\t<\/div>\n\t\t<div class=\"elementor-element elementor-element-eead996 e-con-full e-flex e-con e-child\" data-id=\"eead996\" data-element_type=\"container\" data-e-type=\"container\">\n\t\t\t\t<div class=\"elementor-element elementor-element-79fd198 elementor-widget elementor-widget-text-editor\" data-id=\"79fd198\" data-element_type=\"widget\" data-e-type=\"widget\" data-widget_type=\"text-editor.default\">\n\t\t\t\t<div class=\"elementor-widget-container\">\n\t\t\t\t\t\t\t\t\t<p>Desde a sele\u00e7\u00e3o criteriosa de materiais de origem \u00e9tica at\u00e9 a implementa\u00e7\u00e3o de processos de fabrica\u00e7\u00e3o ecologicamente respons\u00e1veis, cada passo que damos \u00e9 um avan\u00e7o rumo a uma ind\u00fastria mais verde e sustent\u00e1vel.<\/p><p>Priorizamos a transpar\u00eancia em nossa cadeia de suprimentos, estabelecendo parcerias com fornecedores que compartilham nossos valores de pr\u00e1ticas trabalhistas justas e responsabilidade ambiental. Nossas escolhas de moda sustent\u00e1vel se estendem tamb\u00e9m \u00e0s embalagens \u2013 utilizamos materiais recicl\u00e1veis \u200b\u200bpara minimizar nosso impacto ambiental. Junte-se a n\u00f3s nesta jornada rumo \u00e0 moda consciente, onde estilo e responsabilidade se encontram, e cada compra contribui para um amanh\u00e3 mais brilhante e ecol\u00f3gico.<\/p>\t\t\t\t\t\t\t\t<\/div>\n\t\t\t\t<\/div>\n\t\t\t\t<\/div>\n\t\t\t\t\t<\/div>\n\t\t\t\t<\/div>\n\t\t<div class=\"elementor-element elementor-element-2f1be4e e-flex e-con-boxed e-con e-parent\" data-id=\"2f1be4e\" data-element_type=\"container\" data-e-type=\"container\" data-settings=\"{&quot;background_background&quot;:&quot;classic&quot;}\">\n\t\t\t\t\t<div class=\"e-con-inner\">\n\t\t<div class=\"elementor-element elementor-element-98d7d19 e-con-full e-flex e-con e-child\" data-id=\"98d7d19\" data-element_type=\"container\" data-e-type=\"container\">\n\t\t\t\t<div class=\"elementor-element elementor-element-0cbc977 elementor-widget elementor-widget-heading\" data-id=\"0cbc977\" data-element_type=\"widget\" data-e-type=\"widget\" data-widget_type=\"heading.default\">\n\t\t\t\t<div class=\"elementor-widget-container\">\n\t\t\t\t\t<h6 class=\"elementor-heading-title elementor-size-default\">Explore<\/h6>\t\t\t\t<\/div>\n\t\t\t\t<\/div>\n\t\t\t\t<div class=\"elementor-element elementor-element-2915af7 elementor-widget elementor-widget-image-box\" data-id=\"2915af7\" data-element_type=\"widget\" data-e-type=\"widget\" data-widget_type=\"image-box.default\">\n\t\t\t\t<div class=\"elementor-widget-container\">\n\t\t\t\t\t<div class=\"elementor-image-box-wrapper\"><div class=\"elementor-image-box-content\"><h2 class=\"elementor-image-box-title\">Renove seu closet, abrace um estilo atemporal!<\/h2><p class=\"elementor-image-box-description\">Explore nossas cole\u00e7\u00f5es hoje mesmo e experimente a alegria da moda. Compre agora o auge da sofistica\u00e7\u00e3o e eleg\u00e2ncia!<\/p><\/div><\/div>\t\t\t\t<\/div>\n\t\t\t\t<\/div>\n\t\t\t\t<div class=\"elementor-element elementor-element-d75bf1e elementor-widget elementor-widget-button\" data-id=\"d75bf1e\" data-element_type=\"widget\" data-e-type=\"widget\" data-widget_type=\"button.default\">\n\t\t\t\t<div class=\"elementor-widget-container\">\n\t\t\t\t\t\t\t\t\t<div class=\"elementor-button-wrapper\">\n\t\t\t\t\t<a class=\"elementor-button elementor-button-link elementor-size-sm\" href=\"#\">\n\t\t\t\t\t\t<span class=\"elementor-button-content-wrapper\">\n\t\t\t\t\t\t\t\t\t<span class=\"elementor-button-text\">Compre Agora<\/span>\n\t\t\t\t\t<\/span>\n\t\t\t\t\t<\/a>\n\t\t\t\t<\/div>\n\t\t\t\t\t\t\t\t<\/div>\n\t\t\t\t<\/div>\n\t\t\t\t<\/div>\n\t\t\t\t\t<\/div>\n\t\t\t\t<\/div>\n\t\t\t\t<\/div>","protected":false},"excerpt":{"rendered":"<p>Quem Somos O Nascimento da Lua Nova Collection Nossa hist\u00f3ria Nossa jornada come\u00e7ou com uma vis\u00e3o simples, por\u00e9m poderosa: redefinir [&hellip;]<\/p>\n","protected":false},"author":1,"featured_media":0,"parent":0,"menu_order":3,"comment_status":"closed","ping_status":"closed","template":"","meta":{"nf_dc_page":"","site-sidebar-layout":"no-sidebar","site-content-layout":"","ast-site-content-layout":"full-width-container","site-content-style":"default","site-sidebar-style":"default","ast-global-header-display":"","ast-banner-title-visibility":"","ast-main-header-display":"","ast-hfb-above-header-display":"","ast-hfb-below-header-display":"","ast-hfb-mobile-header-display":"","site-post-title":"disabled","ast-breadcrumbs-content":"","ast-featured-img":"disabled","footer-sml-layout":"","ast-disable-related-posts":"","theme-transparent-header-meta":"enabled","adv-header-id-meta":"","stick-header-meta":"","header-above-stick-meta":"","header-main-stick-meta":"","header-below-stick-meta":"","astra-migrate-meta-layouts":"default","ast-page-background-enabled":"default","ast-page-background-meta":{"desktop":{"background-color":"var(--ast-global-color-4)","background-image":"","background-repeat":"repeat","background-position":"center center","background-size":"auto","background-attachment":"scroll","background-type":"","background-media":"","overlay-type":"","overlay-color":"","overlay-opacity":"","overlay-gradient":""},"tablet":{"background-color":"","background-image":"","background-repeat":"repeat","background-position":"center center","background-size":"auto","background-attachment":"scroll","background-type":"","background-media":"","overlay-type":"","overlay-color":"","overlay-opacity":"","overlay-gradient":""},"mobile":{"background-color":"","background-image":"","background-repeat":"repeat","background-position":"center center","background-size":"auto","background-attachment":"scroll","background-type":"","background-media":"","overlay-type":"","overlay-color":"","overlay-opacity":"","overlay-gradient":""}},"ast-content-background-meta":{"desktop":{"background-color":"var(--ast-global-color-5)","background-image":"","background-repeat":"repeat","background-position":"center center","background-size":"auto","background-attachment":"scroll","background-type":"","background-media":"","overlay-type":"","overlay-color":"","overlay-opacity":"","overlay-gradient":""},"tablet":{"background-color":"var(--ast-global-color-5)","background-image":"","background-repeat":"repeat","background-position":"center center","background-size":"auto","background-attachment":"scroll","background-type":"","background-media":"","overlay-type":"","overlay-color":"","overlay-opacity":"","overlay-gradient":""},"mobile":{"background-color":"var(--ast-global-color-5)","background-image":"","background-repeat":"repeat","background-position":"center center","background-size":"auto","background-attachment":"scroll","background-type":"","background-media":"","overlay-type":"","overlay-color":"","overlay-opacity":"","overlay-gradient":""}},"footnotes":""},"class_list":["post-15","page","type-page","status-publish","hentry"],"_links":{"self":[{"href":"https:\/\/luanovacollection.com.br\/en\/wp-json\/wp\/v2\/pages\/15","targetHints":{"allow":["GET"]}}],"collection":[{"href":"https:\/\/luanovacollection.com.br\/en\/wp-json\/wp\/v2\/pages"}],"about":[{"href":"https:\/\/luanovacollection.com.br\/en\/wp-json\/wp\/v2\/types\/page"}],"author":[{"embeddable":true,"href":"https:\/\/luanovacollection.com.br\/en\/wp-json\/wp\/v2\/users\/1"}],"replies":[{"embeddable":true,"href":"https:\/\/luanovacollection.com.br\/en\/wp-json\/wp\/v2\/comments?post=15"}],"version-history":[{"count":5,"href":"https:\/\/luanovacollection.com.br\/en\/wp-json\/wp\/v2\/pages\/15\/revisions"}],"predecessor-version":[{"id":33118,"href":"https:\/\/luanovacollection.com.br\/en\/wp-json\/wp\/v2\/pages\/15\/revisions\/33118"}],"wp:attachment":[{"href":"https:\/\/luanovacollection.com.br\/en\/wp-json\/wp\/v2\/media?parent=15"}],"curies":[{"name":"wp","href":"https:\/\/api.w.org\/{rel}","templated":true}]}}